{"id":9,"date":"2023-12-24T13:00:05","date_gmt":"2023-12-24T12:00:05","guid":{"rendered":"https:\/\/cylsee.fr\/?page_id=9"},"modified":"2024-08-29T20:22:17","modified_gmt":"2024-08-29T18:22:17","slug":"biographie","status":"publish","type":"page","link":"https:\/\/cylsee.fr\/en\/biographie\/","title":{"rendered":"Biography"},"content":{"rendered":"<!-- VideographyWP Plugin Message: Automatic video embedding prevented by plugin options. -->\n\n<p>C\u00e9cile Collardey (alias Cyls\u00e9e \/sil.se\/) is a viola player, trained at Rueil Malmaison music school, and above all a self-taught singer and guitarist.<\/p>\n\n\n\n<p>She was imbued at a very young age with music from a wide range of oral traditions, especially from the south of France, and later built up a musical repertoire enriched by experiences of spending several years living in distant lands, such as Sweden, Hungary and Japan. After musical training including with a symphonic orchestra, a female vocal ensemble, Irish sessions and folk dance groups, within the Gaia Voci Ensemble she built up a repertoire of Occitan, Italian and Sephardic music and songs that offered her the possibility of combining voice and instruments.<\/p>\n\n\n\n<!--more-->\n\n\n\n<p>From 2009, her collaboration with Marcel P\u00e9r\u00e8s and his Organum Ensemble opened her eyes to medieval singing, following a school of thought that closely links ancient spiritual music to the energy of songs from oral traditions. She also learnt Georgian singing from Pierluigi Tomasi, a member of the Marani Ensemble, and Corsican singing from Jean-Etienne Langianni, and deepened her knowledge of traditional Italian folk singing with Lucilla Galeazzi.<\/p>\n\n\n\n<p>In 2014, she created a repertoire of personal compositions under the name of Cyls\u00e9e, giving centre stage to contemporary Occitan poetry \u2014 that of Max Rouquette in particular \u2014 with music first inspired by Mediterranean oral traditions, and then by music that has influenced her across the years. While continuing to highlight the beauty of Occitan poetry through music, she has added her own texts to the repertoire.<\/p>\n\n\n\n<p>Following the release of her first album,&nbsp;<strong><em>L\u2019ombra messatgi\u00e8ra&nbsp;<\/em><\/strong>(\"The message bearing shadow\"), she created a band and also performed solo and as a duo with Goran Jure\u0301sic in a wide range of venues, ranging from large concert halls to libraries and churches. She also performs at storytelling and music events alongside storytellers, and organises traditional singing workshops (Georgian, Corsican, Italian, etc.). She is also a member of various early and world music ensembles (Odo Ensemble, Ensemble Organum, etc.).<\/p>\n\n\n\n<p class=\"translation-block\">In 2022, following a residency at the Cit\u00e9 de\nla Musique de Marseille, she self-produced\na second album recorded with excellent musicians like Miqu\u00e8u Montanaro (flutes), Goran Juresic (bouzouki) or Rachid Belgacem (Percussions). <strong>Los savis<\/strong>, (\"<em>The wise ones<\/em>\") album released in February 2023 was classified \u00abfavorite\u00bb of the music library of Paris.<\/p>\n\n\n\n<p><\/p>","protected":false},"excerpt":{"rendered":"<p>C\u00e9cile Collardey (alias Cyls\u00e9e \/sil.se\/) est altiste form\u00e9e au conservatoire de Massy puis de Rueil-Malmaison (92), et surtout chanteuse et guitariste autodidacte. Impr\u00e9gn\u00e9e tr\u00e8s jeune de musiques de traditions orales de r\u00e9gions tr\u00e8s diverses, elle s\u2019est constitu\u00e9 un terreau musical enrichi au cours de s\u00e9jours dans de lointaines contr\u00e9es, notamment en Su\u00e8de, en Hongrie ou &hellip; <\/p>\n<p class=\"link-more\"><a href=\"https:\/\/cylsee.fr\/en\/biographie\/\" class=\"more-link\">Continue reading<span class=\"screen-reader-text\"> \u00ab\u00a0Biographie\u00a0\u00bb<\/span><\/a><\/p>","protected":false},"author":1,"featured_media":51,"parent":0,"menu_order":3,"comment_status":"closed","ping_status":"closed","template":"","meta":{"footnotes":""},"class_list":["post-9","page","type-page","status-publish","has-post-thumbnail","hentry"],"yoast_head":"<!-- This site is optimized with the Yoast SEO plugin v25.5 - https:\/\/yoast.com\/wordpress\/plugins\/seo\/ -->\n<title>Biographie - Cyls\u00e9e \uaa5c Site officiel<\/title>\n<meta name=\"robots\" content=\"index, follow, max-snippet:-1, max-image-preview:large, max-video-preview:-1\" \/>\n<link rel=\"canonical\" href=\"https:\/\/cylsee.fr\/en\/biographie\/\" \/>\n<meta property=\"og:locale\" content=\"en_GB\" \/>\n<meta property=\"og:type\" content=\"article\" \/>\n<meta property=\"og:title\" content=\"Biographie - Cyls\u00e9e \uaa5c Site officiel\" \/>\n<meta property=\"og:description\" content=\"C\u00e9cile Collardey (alias Cyls\u00e9e \/sil.se\/) est altiste form\u00e9e au conservatoire de Massy puis de Rueil-Malmaison (92), et surtout chanteuse et guitariste autodidacte. Impr\u00e9gn\u00e9e tr\u00e8s jeune de musiques de traditions orales de r\u00e9gions tr\u00e8s diverses, elle s\u2019est constitu\u00e9 un terreau musical enrichi au cours de s\u00e9jours dans de lointaines contr\u00e9es, notamment en Su\u00e8de, en Hongrie ou &hellip; Continue reading &quot;Biographie&quot;\" \/>\n<meta property=\"og:url\" content=\"https:\/\/cylsee.fr\/en\/biographie\/\" \/>\n<meta property=\"og:site_name\" content=\"Cyls\u00e9e \uaa5c Site officiel\" \/>\n<meta property=\"article:publisher\" content=\"https:\/\/facebook.com\/cylsee\" \/>\n<meta property=\"article:modified_time\" content=\"2024-08-29T18:22:17+00:00\" \/>\n<meta property=\"og:image\" content=\"https:\/\/cylsee.fr\/wp-content\/uploads\/2024\/07\/cylsee_guitare_coul_\u00a9_Pascal_Sim_2000px--769x1024.png\" \/>\n\t<meta property=\"og:image:width\" content=\"769\" \/>\n\t<meta property=\"og:image:height\" content=\"1024\" \/>\n\t<meta property=\"og:image:type\" content=\"image\/png\" \/>\n<meta name=\"twitter:card\" content=\"summary_large_image\" \/>\n<meta name=\"twitter:site\" content=\"@cylsee\" \/>\n<meta name=\"twitter:label1\" content=\"Estimated reading time\" \/>\n\t<meta name=\"twitter:data1\" content=\"3 minutes\" \/>\n<script type=\"application\/ld+json\" class=\"yoast-schema-graph\">{\"@context\":\"https:\/\/schema.org\",\"@graph\":[{\"@type\":\"WebPage\",\"@id\":\"https:\/\/cylsee.fr\/biographie\/\",\"url\":\"https:\/\/cylsee.fr\/biographie\/\",\"name\":\"Biographie - Cyls\u00e9e \uaa5c Site officiel\",\"isPartOf\":{\"@id\":\"https:\/\/cylsee.fr\/#website\"},\"primaryImageOfPage\":{\"@id\":\"https:\/\/cylsee.fr\/biographie\/#primaryimage\"},\"image\":{\"@id\":\"https:\/\/cylsee.fr\/biographie\/#primaryimage\"},\"thumbnailUrl\":\"https:\/\/cylsee.fr\/wp-content\/uploads\/2024\/07\/cylsee_guitare_coul_\u00a9_Pascal_Sim_2000px-.png\",\"datePublished\":\"2023-12-24T12:00:05+00:00\",\"dateModified\":\"2024-08-29T18:22:17+00:00\",\"breadcrumb\":{\"@id\":\"https:\/\/cylsee.fr\/biographie\/#breadcrumb\"},\"inLanguage\":\"en-GB\",\"potentialAction\":[{\"@type\":\"ReadAction\",\"target\":[\"https:\/\/cylsee.fr\/biographie\/\"]}]},{\"@type\":\"ImageObject\",\"inLanguage\":\"en-GB\",\"@id\":\"https:\/\/cylsee.fr\/biographie\/#primaryimage\",\"url\":\"https:\/\/cylsee.fr\/wp-content\/uploads\/2024\/07\/cylsee_guitare_coul_\u00a9_Pascal_Sim_2000px-.png\",\"contentUrl\":\"https:\/\/cylsee.fr\/wp-content\/uploads\/2024\/07\/cylsee_guitare_coul_\u00a9_Pascal_Sim_2000px-.png\",\"width\":1502,\"height\":2000},{\"@type\":\"BreadcrumbList\",\"@id\":\"https:\/\/cylsee.fr\/biographie\/#breadcrumb\",\"itemListElement\":[{\"@type\":\"ListItem\",\"position\":1,\"name\":\"Accueil\",\"item\":\"https:\/\/cylsee.fr\/\"},{\"@type\":\"ListItem\",\"position\":2,\"name\":\"Biographie\"}]},{\"@type\":\"WebSite\",\"@id\":\"https:\/\/cylsee.fr\/#website\",\"url\":\"https:\/\/cylsee.fr\/\",\"name\":\"Cyls\u00e9e \uaa5c Site officiel\",\"description\":\"Cyls\u00e9e, c\u2019est une pr\u00e9sence, une musicienne compositrice, chanteuse-voyageuse \u00e0 la voix envo\u00fbtante, et un r\u00e9pertoire original inspir\u00e9 des traditions orales m\u00e9diterran\u00e9ennes, entre l\u2019occitan, l\u2019italien, l\u2019espagnol, le fran\u00e7ais et d\u2019autres langues \u2026\",\"publisher\":{\"@id\":\"https:\/\/cylsee.fr\/#organization\"},\"potentialAction\":[{\"@type\":\"SearchAction\",\"target\":{\"@type\":\"EntryPoint\",\"urlTemplate\":\"https:\/\/cylsee.fr\/?s={search_term_string}\"},\"query-input\":{\"@type\":\"PropertyValueSpecification\",\"valueRequired\":true,\"valueName\":\"search_term_string\"}}],\"inLanguage\":\"en-GB\"},{\"@type\":\"Organization\",\"@id\":\"https:\/\/cylsee.fr\/#organization\",\"name\":\"Cyls\u00e9e\",\"url\":\"https:\/\/cylsee.fr\/\",\"logo\":{\"@type\":\"ImageObject\",\"inLanguage\":\"en-GB\",\"@id\":\"https:\/\/cylsee.fr\/#\/schema\/logo\/image\/\",\"url\":\"https:\/\/cylsee.fr\/wp-content\/uploads\/2024\/08\/cylsee_arbre_main_vert_512px.png\",\"contentUrl\":\"https:\/\/cylsee.fr\/wp-content\/uploads\/2024\/08\/cylsee_arbre_main_vert_512px.png\",\"width\":512,\"height\":513,\"caption\":\"Cyls\u00e9e\"},\"image\":{\"@id\":\"https:\/\/cylsee.fr\/#\/schema\/logo\/image\/\"},\"sameAs\":[\"https:\/\/facebook.com\/cylsee\",\"https:\/\/x.com\/cylsee\",\"https:\/\/instagram.com\/cylsee\",\"https:\/\/youtube.com\/@cylsee\",\"https:\/\/soundcloud.com\/cylsee\",\"https:\/\/linktr.ee\/cylsee\"]}]}<\/script>\n<!-- \/ Yoast SEO plugin. -->","yoast_head_json":{"title":"Biographie - Cyls\u00e9e \uaa5c Site officiel","robots":{"index":"index","follow":"follow","max-snippet":"max-snippet:-1","max-image-preview":"max-image-preview:large","max-video-preview":"max-video-preview:-1"},"canonical":"https:\/\/cylsee.fr\/en\/biographie\/","og_locale":"en_GB","og_type":"article","og_title":"Biographie - Cyls\u00e9e \uaa5c Site officiel","og_description":"C\u00e9cile Collardey (alias Cyls\u00e9e \/sil.se\/) est altiste form\u00e9e au conservatoire de Massy puis de Rueil-Malmaison (92), et surtout chanteuse et guitariste autodidacte. Impr\u00e9gn\u00e9e tr\u00e8s jeune de musiques de traditions orales de r\u00e9gions tr\u00e8s diverses, elle s\u2019est constitu\u00e9 un terreau musical enrichi au cours de s\u00e9jours dans de lointaines contr\u00e9es, notamment en Su\u00e8de, en Hongrie ou &hellip; Continue reading \"Biographie\"","og_url":"https:\/\/cylsee.fr\/en\/biographie\/","og_site_name":"Cyls\u00e9e \uaa5c Site officiel","article_publisher":"https:\/\/facebook.com\/cylsee","article_modified_time":"2024-08-29T18:22:17+00:00","og_image":[{"width":769,"height":1024,"url":"https:\/\/cylsee.fr\/wp-content\/uploads\/2024\/07\/cylsee_guitare_coul_\u00a9_Pascal_Sim_2000px--769x1024.png","type":"image\/png"}],"twitter_card":"summary_large_image","twitter_site":"@cylsee","twitter_misc":{"Estimated reading time":"3 minutes"},"schema":{"@context":"https:\/\/schema.org","@graph":[{"@type":"WebPage","@id":"https:\/\/cylsee.fr\/biographie\/","url":"https:\/\/cylsee.fr\/biographie\/","name":"Biographie - Cyls\u00e9e \uaa5c Site officiel","isPartOf":{"@id":"https:\/\/cylsee.fr\/#website"},"primaryImageOfPage":{"@id":"https:\/\/cylsee.fr\/biographie\/#primaryimage"},"image":{"@id":"https:\/\/cylsee.fr\/biographie\/#primaryimage"},"thumbnailUrl":"https:\/\/cylsee.fr\/wp-content\/uploads\/2024\/07\/cylsee_guitare_coul_\u00a9_Pascal_Sim_2000px-.png","datePublished":"2023-12-24T12:00:05+00:00","dateModified":"2024-08-29T18:22:17+00:00","breadcrumb":{"@id":"https:\/\/cylsee.fr\/biographie\/#breadcrumb"},"inLanguage":"en-GB","potentialAction":[{"@type":"ReadAction","target":["https:\/\/cylsee.fr\/biographie\/"]}]},{"@type":"ImageObject","inLanguage":"en-GB","@id":"https:\/\/cylsee.fr\/biographie\/#primaryimage","url":"https:\/\/cylsee.fr\/wp-content\/uploads\/2024\/07\/cylsee_guitare_coul_\u00a9_Pascal_Sim_2000px-.png","contentUrl":"https:\/\/cylsee.fr\/wp-content\/uploads\/2024\/07\/cylsee_guitare_coul_\u00a9_Pascal_Sim_2000px-.png","width":1502,"height":2000},{"@type":"BreadcrumbList","@id":"https:\/\/cylsee.fr\/biographie\/#breadcrumb","itemListElement":[{"@type":"ListItem","position":1,"name":"Accueil","item":"https:\/\/cylsee.fr\/"},{"@type":"ListItem","position":2,"name":"Biographie"}]},{"@type":"WebSite","@id":"https:\/\/cylsee.fr\/#website","url":"https:\/\/cylsee.fr\/","name":"Cyls\u00e9e \uaa5c Site officiel","description":"Cyls\u00e9e is a presence. A voyaging singer-songwriter with an enchanting voice and an original repertoire inspired by Mediterranean oral traditions, including Occitan (South of France), Italian dialects, French and other languages... and two albums today.","publisher":{"@id":"https:\/\/cylsee.fr\/#organization"},"potentialAction":[{"@type":"SearchAction","target":{"@type":"EntryPoint","urlTemplate":"https:\/\/cylsee.fr\/?s={search_term_string}"},"query-input":{"@type":"PropertyValueSpecification","valueRequired":true,"valueName":"search_term_string"}}],"inLanguage":"en-GB"},{"@type":"Organization","@id":"https:\/\/cylsee.fr\/#organization","name":"Cyls\u00e9e","url":"https:\/\/cylsee.fr\/","logo":{"@type":"ImageObject","inLanguage":"en-GB","@id":"https:\/\/cylsee.fr\/#\/schema\/logo\/image\/","url":"https:\/\/cylsee.fr\/wp-content\/uploads\/2024\/08\/cylsee_arbre_main_vert_512px.png","contentUrl":"https:\/\/cylsee.fr\/wp-content\/uploads\/2024\/08\/cylsee_arbre_main_vert_512px.png","width":512,"height":513,"caption":"Cyls\u00e9e"},"image":{"@id":"https:\/\/cylsee.fr\/#\/schema\/logo\/image\/"},"sameAs":["https:\/\/facebook.com\/cylsee","https:\/\/x.com\/cylsee","https:\/\/instagram.com\/cylsee","https:\/\/youtube.com\/@cylsee","https:\/\/soundcloud.com\/cylsee","https:\/\/linktr.ee\/cylsee"]}]}},"_links":{"self":[{"href":"https:\/\/cylsee.fr\/en\/wp-json\/wp\/v2\/pages\/9","targetHints":{"allow":["GET"]}}],"collection":[{"href":"https:\/\/cylsee.fr\/en\/wp-json\/wp\/v2\/pages"}],"about":[{"href":"https:\/\/cylsee.fr\/en\/wp-json\/wp\/v2\/types\/page"}],"author":[{"embeddable":true,"href":"https:\/\/cylsee.fr\/en\/wp-json\/wp\/v2\/users\/1"}],"replies":[{"embeddable":true,"href":"https:\/\/cylsee.fr\/en\/wp-json\/wp\/v2\/comments?post=9"}],"version-history":[{"count":0,"href":"https:\/\/cylsee.fr\/en\/wp-json\/wp\/v2\/pages\/9\/revisions"}],"wp:featuredmedia":[{"embeddable":true,"href":"https:\/\/cylsee.fr\/en\/wp-json\/wp\/v2\/media\/51"}],"wp:attachment":[{"href":"https:\/\/cylsee.fr\/en\/wp-json\/wp\/v2\/media?parent=9"}],"curies":[{"name":"wp","href":"https:\/\/api.w.org\/{rel}","templated":true}]}}