{"id":249,"date":"2024-02-09T13:22:03","date_gmt":"2024-02-09T12:22:03","guid":{"rendered":"https:\/\/cylsee.fr\/?page_id=249"},"modified":"2024-09-15T22:08:58","modified_gmt":"2024-09-15T20:08:58","slug":"espace-pro","status":"publish","type":"page","link":"https:\/\/cylsee.fr\/en\/espace-pro\/","title":{"rendered":"Professional space"},"content":{"rendered":"<!-- VideographyWP Plugin Message: Automatic video embedding prevented by plugin options. -->\n\n<div class=\"wp-block-media-text has-media-on-the-right is-stacked-on-mobile illust\"><div class=\"wp-block-media-text__content\">\n<p>\uaa5c <a href=\"https:\/\/cylsee.fr\/wp-content\/uploads\/pro\/Cylsee_CP-en.pdf\" target=\"_blank\" rel=\"noreferrer noopener\">Press release<\/a><\/p>\n\n\n\n<p>\uaa5c <a href=\"https:\/\/cylsee.fr\/wp-content\/uploads\/pro\/Cylsee_DP-en.pdf\" target=\"_blank\" rel=\"noreferrer noopener\">Press kit<\/a><\/p>\n\n\n\n<p>\uaa5c <a href=\"https:\/\/cylsee.fr\/en\/photos-hd\/\">High definition photos<\/a><\/p>\n\n\n\n<p>\uaa5c <a href=\"https:\/\/cylsee.fr\/en\/fiches-techniques\/\" data-type=\"page\" data-id=\"436\">Technical sheets<\/a><\/p>\n<\/div><figure class=\"wp-block-media-text__media\"><img data-dominant-color=\"e1e1e2\" data-has-transparency=\"false\" style=\"--dominant-color: #e1e1e2;\" loading=\"lazy\" decoding=\"async\" width=\"800\" height=\"838\" src=\"https:\/\/cylsee.fr\/wp-content\/uploads\/2024\/07\/roseaux547-cleaned-jpg.webp\" alt=\"\" class=\"wp-image-927 size-full not-transparent\" srcset=\"https:\/\/cylsee.fr\/wp-content\/uploads\/2024\/07\/roseaux547-cleaned-jpg.webp 800w, https:\/\/cylsee.fr\/wp-content\/uploads\/2024\/07\/roseaux547-cleaned-286x300.webp 286w, https:\/\/cylsee.fr\/wp-content\/uploads\/2024\/07\/roseaux547-cleaned-768x804.webp 768w, https:\/\/cylsee.fr\/wp-content\/uploads\/2024\/07\/roseaux547-cleaned-11x12.webp 11w, https:\/\/cylsee.fr\/wp-content\/uploads\/2024\/07\/roseaux547-cleaned-24x24.webp 24w, https:\/\/cylsee.fr\/wp-content\/uploads\/2024\/07\/roseaux547-cleaned-34x36.webp 34w, https:\/\/cylsee.fr\/wp-content\/uploads\/2024\/07\/roseaux547-cleaned-46x48.webp 46w\" sizes=\"auto, (max-width: 767px) 89vw, (max-width: 1000px) 54vw, (max-width: 1071px) 543px, 580px\" \/><\/figure><\/div>\n\n\n\n<p><\/p>\n\n\n\n<p><\/p>\n\n\n\n<p><\/p>","protected":false},"excerpt":{"rendered":"<p>\uaa5c Communiqu\u00e9 de presse \uaa5c Dossier de presse \uaa5c Photos haute d\u00e9finition \uaa5c Fiches techniques<\/p>","protected":false},"author":1,"featured_media":1564,"parent":0,"menu_order":8,"comment_status":"closed","ping_status":"closed","template":"","meta":{"footnotes":""},"class_list":["post-249","page","type-page","status-publish","has-post-thumbnail","hentry"],"yoast_head":"<!-- This site is optimized with the Yoast SEO plugin v25.5 - https:\/\/yoast.com\/wordpress\/plugins\/seo\/ -->\n<title>Espace pro - Cyls\u00e9e \uaa5c Site officiel<\/title>\n<meta name=\"robots\" content=\"index, follow, max-snippet:-1, max-image-preview:large, max-video-preview:-1\" \/>\n<link rel=\"canonical\" href=\"https:\/\/cylsee.fr\/en\/espace-pro\/\" \/>\n<meta property=\"og:locale\" content=\"en_GB\" \/>\n<meta property=\"og:type\" content=\"article\" \/>\n<meta property=\"og:title\" content=\"Espace pro - Cyls\u00e9e \uaa5c Site officiel\" \/>\n<meta property=\"og:description\" content=\"\uaa5c Communiqu\u00e9 de presse \uaa5c Dossier de presse \uaa5c Photos haute d\u00e9finition \uaa5c Fiches techniques\" \/>\n<meta property=\"og:url\" content=\"https:\/\/cylsee.fr\/en\/espace-pro\/\" \/>\n<meta property=\"og:site_name\" content=\"Cyls\u00e9e \uaa5c Site officiel\" \/>\n<meta property=\"article:publisher\" content=\"https:\/\/facebook.com\/cylsee\" \/>\n<meta property=\"article:modified_time\" content=\"2024-09-15T20:08:58+00:00\" \/>\n<meta property=\"og:image\" content=\"https:\/\/cylsee.fr\/wp-content\/uploads\/2024\/09\/Festival_de_Sylvanes-01\u00a9_Abbaye_de_Sylvanes-1024x575.png\" \/>\n\t<meta property=\"og:image:width\" content=\"1024\" \/>\n\t<meta property=\"og:image:height\" content=\"575\" \/>\n\t<meta property=\"og:image:type\" content=\"image\/png\" \/>\n<meta name=\"twitter:card\" content=\"summary_large_image\" \/>\n<meta name=\"twitter:site\" content=\"@cylsee\" \/>\n<meta name=\"twitter:label1\" content=\"Estimated reading time\" \/>\n\t<meta name=\"twitter:data1\" content=\"1 minute\" \/>\n<script type=\"application\/ld+json\" class=\"yoast-schema-graph\">{\"@context\":\"https:\/\/schema.org\",\"@graph\":[{\"@type\":\"WebPage\",\"@id\":\"https:\/\/cylsee.fr\/espace-pro\/\",\"url\":\"https:\/\/cylsee.fr\/espace-pro\/\",\"name\":\"Espace pro - Cyls\u00e9e \uaa5c Site officiel\",\"isPartOf\":{\"@id\":\"https:\/\/cylsee.fr\/#website\"},\"primaryImageOfPage\":{\"@id\":\"https:\/\/cylsee.fr\/espace-pro\/#primaryimage\"},\"image\":{\"@id\":\"https:\/\/cylsee.fr\/espace-pro\/#primaryimage\"},\"thumbnailUrl\":\"https:\/\/cylsee.fr\/wp-content\/uploads\/2024\/09\/Festival_de_Sylvanes-01\u00a9_Abbaye_de_Sylvanes.png\",\"datePublished\":\"2024-02-09T12:22:03+00:00\",\"dateModified\":\"2024-09-15T20:08:58+00:00\",\"breadcrumb\":{\"@id\":\"https:\/\/cylsee.fr\/espace-pro\/#breadcrumb\"},\"inLanguage\":\"en-GB\",\"potentialAction\":[{\"@type\":\"ReadAction\",\"target\":[\"https:\/\/cylsee.fr\/espace-pro\/\"]}]},{\"@type\":\"ImageObject\",\"inLanguage\":\"en-GB\",\"@id\":\"https:\/\/cylsee.fr\/espace-pro\/#primaryimage\",\"url\":\"https:\/\/cylsee.fr\/wp-content\/uploads\/2024\/09\/Festival_de_Sylvanes-01\u00a9_Abbaye_de_Sylvanes.png\",\"contentUrl\":\"https:\/\/cylsee.fr\/wp-content\/uploads\/2024\/09\/Festival_de_Sylvanes-01\u00a9_Abbaye_de_Sylvanes.png\",\"width\":2000,\"height\":1124},{\"@type\":\"BreadcrumbList\",\"@id\":\"https:\/\/cylsee.fr\/espace-pro\/#breadcrumb\",\"itemListElement\":[{\"@type\":\"ListItem\",\"position\":1,\"name\":\"Accueil\",\"item\":\"https:\/\/cylsee.fr\/\"},{\"@type\":\"ListItem\",\"position\":2,\"name\":\"Espace pro\"}]},{\"@type\":\"WebSite\",\"@id\":\"https:\/\/cylsee.fr\/#website\",\"url\":\"https:\/\/cylsee.fr\/\",\"name\":\"Cyls\u00e9e \uaa5c Site officiel\",\"description\":\"Cyls\u00e9e, c\u2019est une pr\u00e9sence, une musicienne compositrice, chanteuse-voyageuse \u00e0 la voix envo\u00fbtante, et un r\u00e9pertoire original inspir\u00e9 des traditions orales m\u00e9diterran\u00e9ennes, entre l\u2019occitan, l\u2019italien, l\u2019espagnol, le fran\u00e7ais et d\u2019autres langues \u2026\",\"publisher\":{\"@id\":\"https:\/\/cylsee.fr\/#organization\"},\"potentialAction\":[{\"@type\":\"SearchAction\",\"target\":{\"@type\":\"EntryPoint\",\"urlTemplate\":\"https:\/\/cylsee.fr\/?s={search_term_string}\"},\"query-input\":{\"@type\":\"PropertyValueSpecification\",\"valueRequired\":true,\"valueName\":\"search_term_string\"}}],\"inLanguage\":\"en-GB\"},{\"@type\":\"Organization\",\"@id\":\"https:\/\/cylsee.fr\/#organization\",\"name\":\"Cyls\u00e9e\",\"url\":\"https:\/\/cylsee.fr\/\",\"logo\":{\"@type\":\"ImageObject\",\"inLanguage\":\"en-GB\",\"@id\":\"https:\/\/cylsee.fr\/#\/schema\/logo\/image\/\",\"url\":\"https:\/\/cylsee.fr\/wp-content\/uploads\/2024\/08\/cylsee_arbre_main_vert_512px.png\",\"contentUrl\":\"https:\/\/cylsee.fr\/wp-content\/uploads\/2024\/08\/cylsee_arbre_main_vert_512px.png\",\"width\":512,\"height\":513,\"caption\":\"Cyls\u00e9e\"},\"image\":{\"@id\":\"https:\/\/cylsee.fr\/#\/schema\/logo\/image\/\"},\"sameAs\":[\"https:\/\/facebook.com\/cylsee\",\"https:\/\/x.com\/cylsee\",\"https:\/\/instagram.com\/cylsee\",\"https:\/\/youtube.com\/@cylsee\",\"https:\/\/soundcloud.com\/cylsee\",\"https:\/\/linktr.ee\/cylsee\"]}]}<\/script>\n<!-- \/ Yoast SEO plugin. -->","yoast_head_json":{"title":"Espace pro - Cyls\u00e9e \uaa5c Site officiel","robots":{"index":"index","follow":"follow","max-snippet":"max-snippet:-1","max-image-preview":"max-image-preview:large","max-video-preview":"max-video-preview:-1"},"canonical":"https:\/\/cylsee.fr\/en\/espace-pro\/","og_locale":"en_GB","og_type":"article","og_title":"Espace pro - Cyls\u00e9e \uaa5c Site officiel","og_description":"\uaa5c Communiqu\u00e9 de presse \uaa5c Dossier de presse \uaa5c Photos haute d\u00e9finition \uaa5c Fiches techniques","og_url":"https:\/\/cylsee.fr\/en\/espace-pro\/","og_site_name":"Cyls\u00e9e \uaa5c Site officiel","article_publisher":"https:\/\/facebook.com\/cylsee","article_modified_time":"2024-09-15T20:08:58+00:00","og_image":[{"width":1024,"height":575,"url":"https:\/\/cylsee.fr\/wp-content\/uploads\/2024\/09\/Festival_de_Sylvanes-01\u00a9_Abbaye_de_Sylvanes-1024x575.png","type":"image\/png"}],"twitter_card":"summary_large_image","twitter_site":"@cylsee","twitter_misc":{"Estimated reading time":"1 minute"},"schema":{"@context":"https:\/\/schema.org","@graph":[{"@type":"WebPage","@id":"https:\/\/cylsee.fr\/espace-pro\/","url":"https:\/\/cylsee.fr\/espace-pro\/","name":"Espace pro - Cyls\u00e9e \uaa5c Site officiel","isPartOf":{"@id":"https:\/\/cylsee.fr\/#website"},"primaryImageOfPage":{"@id":"https:\/\/cylsee.fr\/espace-pro\/#primaryimage"},"image":{"@id":"https:\/\/cylsee.fr\/espace-pro\/#primaryimage"},"thumbnailUrl":"https:\/\/cylsee.fr\/wp-content\/uploads\/2024\/09\/Festival_de_Sylvanes-01\u00a9_Abbaye_de_Sylvanes.png","datePublished":"2024-02-09T12:22:03+00:00","dateModified":"2024-09-15T20:08:58+00:00","breadcrumb":{"@id":"https:\/\/cylsee.fr\/espace-pro\/#breadcrumb"},"inLanguage":"en-GB","potentialAction":[{"@type":"ReadAction","target":["https:\/\/cylsee.fr\/espace-pro\/"]}]},{"@type":"ImageObject","inLanguage":"en-GB","@id":"https:\/\/cylsee.fr\/espace-pro\/#primaryimage","url":"https:\/\/cylsee.fr\/wp-content\/uploads\/2024\/09\/Festival_de_Sylvanes-01\u00a9_Abbaye_de_Sylvanes.png","contentUrl":"https:\/\/cylsee.fr\/wp-content\/uploads\/2024\/09\/Festival_de_Sylvanes-01\u00a9_Abbaye_de_Sylvanes.png","width":2000,"height":1124},{"@type":"BreadcrumbList","@id":"https:\/\/cylsee.fr\/espace-pro\/#breadcrumb","itemListElement":[{"@type":"ListItem","position":1,"name":"Accueil","item":"https:\/\/cylsee.fr\/"},{"@type":"ListItem","position":2,"name":"Espace pro"}]},{"@type":"WebSite","@id":"https:\/\/cylsee.fr\/#website","url":"https:\/\/cylsee.fr\/","name":"Cyls\u00e9e \uaa5c Site officiel","description":"Cyls\u00e9e is a presence. A voyaging singer-songwriter with an enchanting voice and an original repertoire inspired by Mediterranean oral traditions, including Occitan (South of France), Italian dialects, French and other languages... and two albums today.","publisher":{"@id":"https:\/\/cylsee.fr\/#organization"},"potentialAction":[{"@type":"SearchAction","target":{"@type":"EntryPoint","urlTemplate":"https:\/\/cylsee.fr\/?s={search_term_string}"},"query-input":{"@type":"PropertyValueSpecification","valueRequired":true,"valueName":"search_term_string"}}],"inLanguage":"en-GB"},{"@type":"Organization","@id":"https:\/\/cylsee.fr\/#organization","name":"Cyls\u00e9e","url":"https:\/\/cylsee.fr\/","logo":{"@type":"ImageObject","inLanguage":"en-GB","@id":"https:\/\/cylsee.fr\/#\/schema\/logo\/image\/","url":"https:\/\/cylsee.fr\/wp-content\/uploads\/2024\/08\/cylsee_arbre_main_vert_512px.png","contentUrl":"https:\/\/cylsee.fr\/wp-content\/uploads\/2024\/08\/cylsee_arbre_main_vert_512px.png","width":512,"height":513,"caption":"Cyls\u00e9e"},"image":{"@id":"https:\/\/cylsee.fr\/#\/schema\/logo\/image\/"},"sameAs":["https:\/\/facebook.com\/cylsee","https:\/\/x.com\/cylsee","https:\/\/instagram.com\/cylsee","https:\/\/youtube.com\/@cylsee","https:\/\/soundcloud.com\/cylsee","https:\/\/linktr.ee\/cylsee"]}]}},"_links":{"self":[{"href":"https:\/\/cylsee.fr\/en\/wp-json\/wp\/v2\/pages\/249","targetHints":{"allow":["GET"]}}],"collection":[{"href":"https:\/\/cylsee.fr\/en\/wp-json\/wp\/v2\/pages"}],"about":[{"href":"https:\/\/cylsee.fr\/en\/wp-json\/wp\/v2\/types\/page"}],"author":[{"embeddable":true,"href":"https:\/\/cylsee.fr\/en\/wp-json\/wp\/v2\/users\/1"}],"replies":[{"embeddable":true,"href":"https:\/\/cylsee.fr\/en\/wp-json\/wp\/v2\/comments?post=249"}],"version-history":[{"count":0,"href":"https:\/\/cylsee.fr\/en\/wp-json\/wp\/v2\/pages\/249\/revisions"}],"wp:featuredmedia":[{"embeddable":true,"href":"https:\/\/cylsee.fr\/en\/wp-json\/wp\/v2\/media\/1564"}],"wp:attachment":[{"href":"https:\/\/cylsee.fr\/en\/wp-json\/wp\/v2\/media?parent=249"}],"curies":[{"name":"wp","href":"https:\/\/api.w.org\/{rel}","templated":true}]}}