{"id":184,"date":"2024-01-05T22:51:15","date_gmt":"2024-01-05T21:51:15","guid":{"rendered":"https:\/\/cylsee.fr\/?page_id=184"},"modified":"2024-09-11T19:44:51","modified_gmt":"2024-09-11T17:44:51","slug":"presse","status":"publish","type":"page","link":"https:\/\/cylsee.fr\/en\/presse\/","title":{"rendered":"Press"},"content":{"rendered":"<!-- VideographyWP Plugin Message: Automatic video embedding prevented by plugin options. -->\n\n<p><a data-type=\"page\" data-id=\"249\" href=\"https:\/\/cylsee.fr\/en\/espace-pro\/\"><strong>The press kit and press release are available here.<\/strong><\/a><\/p>\n\n\n\n<blockquote class=\"wp-block-quote is-layout-flow wp-block-quote-is-layout-flow\">\n<p><em>\u201cThe first thing that hits you is the vast universe unveiled by her voice. The variation of deep and high notes, the way in which she interlaces emotions and feelings, momentum building through lively refrains... Cyls\u00e9e carries us away. She stimulates our imagination and transports us all to a land of poetry, spirituality, just causes, initiation stories, traditional and contemporary tales.\u201d<\/em><\/p>\n<cite>Franc\u0327ois-Marie Pons, <a href=\"https:\/\/francois-marie-pons.fr\">writer &amp; director<\/a><\/cite><\/blockquote>\n\n\n\n<blockquote class=\"wp-block-quote is-layout-flow wp-block-quote-is-layout-flow\">\n<p>\u201cLos Savis is a whole melodic universe with subtle arrangements in which Cyls\u00e9e\u2019s vibrant and captivating voice unfolds wonderfully between bouzouki, percussion, viola, bass, guitar, flutes... Her deep singing flows like a clear and original spring.\u201d<\/p>\n<cite><a href=\"https:\/\/bibliotheques.paris.fr\/Default\/doc\/SYRACUSE\/1372822\/los-savis\">Paris Music Library \u201cCoup de c\u0153ur\u201d summer 2023<\/a><\/cite><\/blockquote>\n\n\n\n<blockquote class=\"wp-block-quote is-layout-flow wp-block-quote-is-layout-flow\">\n<p>\u201cHalfway between current and traditional music, between magic and nostalgia, \u201cThe wise ones\u201d by Cyls\u00e9e will take you on a journey!\u201d<\/p>\n<cite><a href=\"https:\/\/www.francebleu.fr\/emissions\/la-nouvelle-scene-musicale\/los-savis-de-cylsee-un-univers-original-inspire-des-musiques-de-tradition-orale-3199123\">France Bleu, February 2023<\/a><\/cite><\/blockquote>\n\n\n\n<blockquote class=\"wp-block-quote is-layout-flow wp-block-quote-is-layout-flow\">\n<p>\u201cA special mention for the French songs, composed by Cyls\u00e9e, in which the rhythm is  electric and the lyrics mischievous.\u201d<\/p>\n<cite><a href=\"https:\/\/www.aquodaqui.info\/Cylsee-devoile-son-nouvel-album-ou-l-oeuvre-de-Max-Rouquette-occupe-la-place-centrale_a2425.html\">Aqu\u00f2 d'Aqui, January 2023<\/a><\/cite><\/blockquote>\n\n\n\n<blockquote class=\"wp-block-quote is-layout-flow wp-block-quote-is-layout-flow\">\n<p>\u201cCyls\u00e9e has a strong bond with the land, like a farmer. She is linked to nature from which she draws its images, dreams, even mystery. She communes with it, gives it her heart.\u201d<\/p>\n<cite>L\u2019\u00c9veil Normand, avril 2019<\/cite><\/blockquote>\n\n\n\n<blockquote class=\"wp-block-quote is-layout-flow wp-block-quote-is-layout-flow\">\n<p>\u201cSoundscapes of a very current middle age. L\u2019ombra messagi\u00e8ra is credit to Cyls\u00e9e\u2019s medievalist training, the testimonies of refugees she hears and the landscapes inspired by the verses of Max Rouquette. A real success.\u201d<\/p>\n<cite>Aqu\u00f2 d'Aqui, September 2017<\/cite><\/blockquote>\n\n\n\n<p><\/p>\n\n\n\n<!--more-->\n\n\n\n<h2 id=\"autoid-0\" class=\"wp-block-heading\">Radios :<\/h2>\n\n\n\n<p>\uaa5c&nbsp;<strong>FRANCE BLEU<\/strong><a href=\"https:\/\/www.francebleu.fr\/emissions\/la-nouvelle-scene-musicale\/los-savis-de-cylsee-un-univers-original-inspire-des-musiques-de-tradition-orale-3199123\" data-type=\"link\" data-id=\"https:\/\/www.francebleu.fr\/emissions\/la-nouvelle-scene-musicale\/los-savis-de-cylsee-un-univers-original-inspire-des-musiques-de-tradition-orale-3199123\" target=\"_blank\" rel=\"noreferrer noopener\"><br>\u00ab THE NEW MUSIC SCENE \u00bb, \u00c9RIC BASTIEN, February 2023, podcast<\/a><\/p>\n\n\n\n<p>\uaa5c&nbsp;<strong>RADIO OCCITANIA<\/strong><a href=\"https:\/\/www.podcastics.com\/podcast\/episode\/entrevista-de-cylsee-fr-240728\/\" data-type=\"link\" data-id=\"https:\/\/www.podcastics.com\/podcast\/episode\/entrevista-de-cylsee-fr-240728\/\" target=\"_blank\" rel=\"noreferrer noopener\"><br>\u00ab L\u2019\u00d2RA DEL T\u00c9 \u00bb, CL\u00c9MENT PECH, June 2023, podcast<\/a><\/p>\n\n\n\n<p>\uaa5c&nbsp;<strong>RADIO LIBERTAIRE<\/strong><a href=\"https:\/\/www.anarchiste.info\/radio\/libertaire\/emission\/folk-a-lier\/2023\/01\/15\/\" data-type=\"link\" data-id=\"https:\/\/www.anarchiste.info\/radio\/libertaire\/emission\/folk-a-lier\/2023\/01\/15\/\" target=\"_blank\" rel=\"noreferrer noopener\"><strong><br><\/strong>\u00ab FOLK \u00c0 LIER \u00bb, SERGE TANGUY, January 2023, podcast<\/a><\/p>\n\n\n\n<p>\uaa5c&nbsp;<strong>LA CL\u00c9 DES ONDES<br><\/strong><a href=\"https:\/\/lacledesondes.fr\/audio\/Parole-Aux-Jeunes-09-06-2023-19h-30.mp3\" data-type=\"link\" data-id=\"https:\/\/lacledesondes.fr\/audio\/Parole-Aux-Jeunes-09-06-2023-19h-30.mp3\" target=\"_blank\" rel=\"noreferrer noopener\">\u00ab VOICE TO YOUTH \u00bb, Alban, June 2023, podcast<\/a><\/p>\n\n\n\n<p>\uaa5c&nbsp;<strong>RADIO LIBERTAIRE<br><\/strong><a href=\"https:\/\/soundcloud.com\/cylsee\/radio-libertaire-juste-une-chanson-26-01-2023\" data-type=\"link\" data-id=\"https:\/\/soundcloud.com\/cylsee\/radio-libertaire-juste-une-chanson-26-01-2023\" target=\"_blank\" rel=\"noreferrer noopener\">\u00ab JUST A SONG \u00bb, LAURENT GHARIBIAN,\nJanuary 2023, podcast<\/a><\/p>\n\n\n\n<p>\uaa5c&nbsp;<strong>RADIO LIBERTAIRE<br><\/strong><a href=\"https:\/\/soundcloud.com\/cylsee\/radio-liber-taire-juste-une-chanson-carte-blanche-a-cylsee\" data-type=\"link\" data-id=\"https:\/\/soundcloud.com\/cylsee\/radio-liber-taire-juste-une-chanson-carte-blanche-a-cylsee\" target=\"_blank\" rel=\"noreferrer noopener\">\u00ab JUST A SONG \u00bb, MARLENE BOUVIER,\nCARTE BLANCHE \u00c0 CYLS\u00c9E, February 2022, podcast<\/a><\/p>\n\n\n\n<p>\uaa5c&nbsp;<strong>RADIO LIBERTAIRE<br><\/strong><a href=\"https:\/\/soundcloud.com\/cylsee\/emission-de-rimes-et-de-notes-marlene-bouvier-radio-libertaire\" data-type=\"link\" data-id=\"https:\/\/soundcloud.com\/cylsee\/emission-de-rimes-et-de-notes-marlene-bouvier-radio-libertaire\" target=\"_blank\" rel=\"noreferrer noopener\">\u00ab DE RIMES ET DE NOTES \u00bb,\nMARLENE BOUVIER, February 2020, podcast<\/a><\/p>\n\n\n\n<p>\uaa5c&nbsp;<strong>RADIO LENGA D\u2019\u00d2C<\/strong><br><a href=\"https:\/\/web.archive.org\/web\/20230528023800\/https:\/\/radiolengadoc.com\/occitanitude-cylsee\/\" type=\"link\" id=\"https:\/\/radiolengadoc.com\/occitanitude-cylsee\/\" target=\"_blank\" rel=\"noreferrer noopener\">OCCITANITUDE - Program of Jean Tuffou\non the occasion of a concert at the Summer University of N\u00eemes, July 2019, podcast<\/a><\/p>\n\n\n\n<p>\uaa5c&nbsp;<strong>RADIO LENGA D\u2019\u00d2C<br><\/strong><a href=\"https:\/\/radiolengadoc.com\/lo-miegjornau-2024-03-25\/\" data-type=\"link\" data-id=\"https:\/\/radiolengadoc.com\/lo-miegjornau-2024-03-25\/\" target=\"_blank\" rel=\"noreferrer noopener\">\u00ab LO MI\u00c8GJORNAU \u00bb, 25 March 2024,\npodcast (26:20 - 49:35)<\/a><\/p>\n\n\n\n<p>\uaa5c&nbsp;<strong>RADIO VRAI<\/strong><br><a href=\"https:\/\/www.facebook.com\/watch\/?v=186762770893504\" data-type=\"link\" data-id=\"https:\/\/www.facebook.com\/watch\/?v=186762770893504\" target=\"_blank\" rel=\"noreferrer noopener\">\u00ab LES ARTISTES SONT VRAIMENT SYMPAS \u00bb, 25 avril 2023 (Excerpt) ; (Advertising of the program)<\/a>&nbsp;; <a href=\"https:\/\/www.instagram.com\/p\/CrdEWnngrS2\/\" data-type=\"link\" data-id=\"https:\/\/www.instagram.com\/p\/CrdEWnngrS2\/\" target=\"_blank\" rel=\"noreferrer noopener\">(Publicit\u00e9 du programme)<\/a><\/p>\n\n\n\n<hr class=\"wp-block-separator has-alpha-channel-opacity\"\/>\n\n\n\n<h2 id=\"autoid-1\" class=\"wp-block-heading\">TV :<\/h2>\n\n\n\n<p>\uaa5c&nbsp;<strong>TV FRANCE 3 PACA<br><\/strong><a data-type=\"link\" data-id=\"https:\/\/www.youtube.com\/watch?v=vL2Purit7Ls\" href=\"https:\/\/www.youtube.com\/watch?v=vL2Purit7Ls\" target=\"_blank\" rel=\"noreferrer noopener\">VAQUI PROGRAM, report by Magali\nGazzano, on the occasion of a concert at the festival Conviv\u00e8nci\u00e0, Arles, juillet 2017<\/a><\/p>\n\n\n\n<figure class=\"wp-block-embed is-type-video is-provider-youtube wp-block-embed-youtube wp-embed-aspect-16-9 wp-has-aspect-ratio\"><div class=\"wp-block-embed__wrapper\">\n<iframe loading=\"lazy\" title=\"CYLSEE , Occitan music of today\" width=\"525\" height=\"295\" src=\"https:\/\/www.youtube.com\/embed\/ZbsrPrrqN0g?feature=oembed\" frameborder=\"0\" allow=\"accelerometer; autoplay; clipboard-write; encrypted-media; gyroscope; picture-in-picture; web-share\" referrerpolicy=\"strict-origin-when-cross-origin\" allowfullscreen><\/iframe>\n<\/div><figcaption class=\"wp-element-caption\">VAQUI PROGRAM, report by Magali\nGazzano, on the occasion of a concert at the festival Conviv\u00e8nci\u00e0, Arles, juillet 2017<\/figcaption><\/figure>\n\n\n\n<hr class=\"wp-block-separator has-alpha-channel-opacity\"\/>\n\n\n\n<h2 id=\"autoid-2\" class=\"wp-block-heading\">Print media<\/h2>\n\n\n\n<p>\uaa5c <a href=\"https:\/\/bibliotheques.paris.fr\/Default\/doc\/SYRACUSE\/1372822\/los-savis\" target=\"_blank\" rel=\"noreferrer noopener\">Paris Music Library \u201cCoup de c\u0153ur\u201d summer 2023<\/a><\/p>\n\n\n\n<p>\uaa5c <a href=\"https:\/\/www.5planetes.com\/fr\/disques\/cylsee\" target=\"_blank\" rel=\"noreferrer noopener\">Les cinq plan\u00e8tes<\/a><\/p>\n\n\n\n<p><span style=\"caret-color: rgb(0, 0, 0); color: rgb(0, 0, 0); font-family: -webkit-standard; font-size: medium; white-space: normal;\">\uaa5c<\/span>&nbsp;<a data-type=\"attachment\" data-id=\"308\" href=\"https:\/\/cylsee.fr\/wp-content\/uploads\/2024\/02\/Je_chante_magazine-Cylsee.pdf\">Je chante magazine \u2013 Cyls\u00e9e, messenger of light<\/a><\/p>\n\n\n\n<p>\uaa5c <a href=\"https:\/\/www.aquodaqui.info\/Cylsee-a-la-Cite-de-la-Musique-de-Marseille_a2274.html\" target=\"_blank\" rel=\"noreferrer noopener\">Franco-Occitan magazine Aquo d\u2019aqui \u2013 Cyls\u00e9e at the Cit\u00e9 de la musique of Marseille<\/a><\/p>\n\n\n\n<p>\uaa5c <a data-type=\"attachment\" data-id=\"309\" href=\"https:\/\/cylsee.fr\/wp-content\/uploads\/2024\/02\/Les_cahiers_de_Max_Rouquette-Cylsee.pdf\">Les cahiers de Max Rouquette &#8211; Cyls\u00e9e, l\u2019ombra messatgi\u00e8ra<\/a><\/p>\n\n\n\n<p>\uaa5c <a data-type=\"attachment\" data-id=\"310\" href=\"https:\/\/cylsee.fr\/wp-content\/uploads\/2024\/02\/Midi_Libre-Cylsee.pdf\">Midi Libre \u2013 Cyls\u00e9e, a troubadour sings Max Rouquette<\/a><\/p>\n\n\n\n<p>\uaa5c <a data-type=\"attachment\" data-id=\"311\" href=\"https:\/\/cylsee.fr\/wp-content\/uploads\/2024\/02\/Trad_Mag-Cylsee.pdf\">Trad Mag &#8211; Cyls\u00e9e<\/a><\/p>\n\n\n\n<p>\uaa5c <a data-type=\"link\" data-id=\"https:\/\/www.instagram.com\/p\/B_Rpz64C4EZ\/\" href=\"https:\/\/www.instagram.com\/p\/B_Rpz64C4EZ\/\" target=\"_blank\" rel=\"noreferrer noopener\">Franco-Occitan magazine Aquo d\u2019Aqui \u2013Cylsee draws inspiration from the forest<\/a><\/p>","protected":false},"excerpt":{"rendered":"<p>Le communiqu\u00e9 de presse et le dossier de presse sont disponibles ici. \u00ab La premi\u00e8re chose qui impressionne, c\u2019est l\u2019univers spacieux d\u00e9voil\u00e9 par sa voix. La variation des accents graves et aigus, la mani\u00e8re d\u2019entrelacer les \u00e9motions et les sentiments, les \u00e9lans soutenus par des ritournelles entra\u00eenantes&#8230; Cyls\u00e9e nous embarque. Elle fait vibrer les imaginaires &hellip; <\/p>\n<p class=\"link-more\"><a href=\"https:\/\/cylsee.fr\/en\/presse\/\" class=\"more-link\">Continue reading<span class=\"screen-reader-text\"> \u00ab\u00a0Presse\u00a0\u00bb<\/span><\/a><\/p>","protected":false},"author":1,"featured_media":57,"parent":0,"menu_order":9,"comment_status":"closed","ping_status":"closed","template":"","meta":{"footnotes":""},"class_list":["post-184","page","type-page","status-publish","has-post-thumbnail","hentry"],"yoast_head":"<!-- This site is optimized with the Yoast SEO plugin v25.5 - https:\/\/yoast.com\/wordpress\/plugins\/seo\/ -->\n<title>Presse - Cyls\u00e9e \uaa5c Site officiel<\/title>\n<meta name=\"robots\" content=\"index, follow, max-snippet:-1, max-image-preview:large, max-video-preview:-1\" \/>\n<link rel=\"canonical\" href=\"https:\/\/cylsee.fr\/en\/presse\/\" \/>\n<meta property=\"og:locale\" content=\"en_GB\" \/>\n<meta property=\"og:type\" content=\"article\" \/>\n<meta property=\"og:title\" content=\"Presse - Cyls\u00e9e \uaa5c Site officiel\" \/>\n<meta property=\"og:description\" content=\"Le communiqu\u00e9 de presse et le dossier de presse sont disponibles ici. \u00ab La premi\u00e8re chose qui impressionne, c\u2019est l\u2019univers spacieux d\u00e9voil\u00e9 par sa voix. La variation des accents graves et aigus, la mani\u00e8re d\u2019entrelacer les \u00e9motions et les sentiments, les \u00e9lans soutenus par des ritournelles entra\u00eenantes&#8230; Cyls\u00e9e nous embarque. Elle fait vibrer les imaginaires &hellip; Continue reading &quot;Presse&quot;\" \/>\n<meta property=\"og:url\" content=\"https:\/\/cylsee.fr\/en\/presse\/\" \/>\n<meta property=\"og:site_name\" content=\"Cyls\u00e9e \uaa5c Site officiel\" \/>\n<meta property=\"article:publisher\" content=\"https:\/\/facebook.com\/cylsee\" \/>\n<meta property=\"article:modified_time\" content=\"2024-09-11T17:44:51+00:00\" \/>\n<meta property=\"og:image\" content=\"https:\/\/cylsee.fr\/wp-content\/uploads\/2024\/07\/cropped-cylsee_guitare_coul_\u00a9_Pascal_Sim_2000px--1024x614.png\" \/>\n\t<meta property=\"og:image:width\" content=\"1024\" \/>\n\t<meta property=\"og:image:height\" content=\"614\" \/>\n\t<meta property=\"og:image:type\" content=\"image\/png\" \/>\n<meta name=\"twitter:card\" content=\"summary_large_image\" \/>\n<meta name=\"twitter:site\" content=\"@cylsee\" \/>\n<meta name=\"twitter:label1\" content=\"Estimated reading time\" \/>\n\t<meta name=\"twitter:data1\" content=\"2 minutes\" \/>\n<script type=\"application\/ld+json\" class=\"yoast-schema-graph\">{\"@context\":\"https:\/\/schema.org\",\"@graph\":[{\"@type\":\"WebPage\",\"@id\":\"https:\/\/cylsee.fr\/presse\/\",\"url\":\"https:\/\/cylsee.fr\/presse\/\",\"name\":\"Presse - Cyls\u00e9e \uaa5c Site officiel\",\"isPartOf\":{\"@id\":\"https:\/\/cylsee.fr\/#website\"},\"primaryImageOfPage\":{\"@id\":\"https:\/\/cylsee.fr\/presse\/#primaryimage\"},\"image\":{\"@id\":\"https:\/\/cylsee.fr\/presse\/#primaryimage\"},\"thumbnailUrl\":\"https:\/\/cylsee.fr\/wp-content\/uploads\/2024\/07\/cropped-cylsee_guitare_coul_\u00a9_Pascal_Sim_2000px-.png\",\"datePublished\":\"2024-01-05T21:51:15+00:00\",\"dateModified\":\"2024-09-11T17:44:51+00:00\",\"breadcrumb\":{\"@id\":\"https:\/\/cylsee.fr\/presse\/#breadcrumb\"},\"inLanguage\":\"en-GB\",\"potentialAction\":[{\"@type\":\"ReadAction\",\"target\":[\"https:\/\/cylsee.fr\/presse\/\"]}]},{\"@type\":\"ImageObject\",\"inLanguage\":\"en-GB\",\"@id\":\"https:\/\/cylsee.fr\/presse\/#primaryimage\",\"url\":\"https:\/\/cylsee.fr\/wp-content\/uploads\/2024\/07\/cropped-cylsee_guitare_coul_\u00a9_Pascal_Sim_2000px-.png\",\"contentUrl\":\"https:\/\/cylsee.fr\/wp-content\/uploads\/2024\/07\/cropped-cylsee_guitare_coul_\u00a9_Pascal_Sim_2000px-.png\",\"width\":2000,\"height\":1199},{\"@type\":\"BreadcrumbList\",\"@id\":\"https:\/\/cylsee.fr\/presse\/#breadcrumb\",\"itemListElement\":[{\"@type\":\"ListItem\",\"position\":1,\"name\":\"Accueil\",\"item\":\"https:\/\/cylsee.fr\/\"},{\"@type\":\"ListItem\",\"position\":2,\"name\":\"Presse\"}]},{\"@type\":\"WebSite\",\"@id\":\"https:\/\/cylsee.fr\/#website\",\"url\":\"https:\/\/cylsee.fr\/\",\"name\":\"Cyls\u00e9e \uaa5c Site officiel\",\"description\":\"Cyls\u00e9e, c\u2019est une pr\u00e9sence, une musicienne compositrice, chanteuse-voyageuse \u00e0 la voix envo\u00fbtante, et un r\u00e9pertoire original inspir\u00e9 des traditions orales m\u00e9diterran\u00e9ennes, entre l\u2019occitan, l\u2019italien, l\u2019espagnol, le fran\u00e7ais et d\u2019autres langues \u2026\",\"publisher\":{\"@id\":\"https:\/\/cylsee.fr\/#organization\"},\"potentialAction\":[{\"@type\":\"SearchAction\",\"target\":{\"@type\":\"EntryPoint\",\"urlTemplate\":\"https:\/\/cylsee.fr\/?s={search_term_string}\"},\"query-input\":{\"@type\":\"PropertyValueSpecification\",\"valueRequired\":true,\"valueName\":\"search_term_string\"}}],\"inLanguage\":\"en-GB\"},{\"@type\":\"Organization\",\"@id\":\"https:\/\/cylsee.fr\/#organization\",\"name\":\"Cyls\u00e9e\",\"url\":\"https:\/\/cylsee.fr\/\",\"logo\":{\"@type\":\"ImageObject\",\"inLanguage\":\"en-GB\",\"@id\":\"https:\/\/cylsee.fr\/#\/schema\/logo\/image\/\",\"url\":\"https:\/\/cylsee.fr\/wp-content\/uploads\/2024\/08\/cylsee_arbre_main_vert_512px.png\",\"contentUrl\":\"https:\/\/cylsee.fr\/wp-content\/uploads\/2024\/08\/cylsee_arbre_main_vert_512px.png\",\"width\":512,\"height\":513,\"caption\":\"Cyls\u00e9e\"},\"image\":{\"@id\":\"https:\/\/cylsee.fr\/#\/schema\/logo\/image\/\"},\"sameAs\":[\"https:\/\/facebook.com\/cylsee\",\"https:\/\/x.com\/cylsee\",\"https:\/\/instagram.com\/cylsee\",\"https:\/\/youtube.com\/@cylsee\",\"https:\/\/soundcloud.com\/cylsee\",\"https:\/\/linktr.ee\/cylsee\"]}]}<\/script>\n<!-- \/ Yoast SEO plugin. -->","yoast_head_json":{"title":"Presse - Cyls\u00e9e \uaa5c Site officiel","robots":{"index":"index","follow":"follow","max-snippet":"max-snippet:-1","max-image-preview":"max-image-preview:large","max-video-preview":"max-video-preview:-1"},"canonical":"https:\/\/cylsee.fr\/en\/presse\/","og_locale":"en_GB","og_type":"article","og_title":"Presse - Cyls\u00e9e \uaa5c Site officiel","og_description":"Le communiqu\u00e9 de presse et le dossier de presse sont disponibles ici. \u00ab La premi\u00e8re chose qui impressionne, c\u2019est l\u2019univers spacieux d\u00e9voil\u00e9 par sa voix. La variation des accents graves et aigus, la mani\u00e8re d\u2019entrelacer les \u00e9motions et les sentiments, les \u00e9lans soutenus par des ritournelles entra\u00eenantes&#8230; Cyls\u00e9e nous embarque. Elle fait vibrer les imaginaires &hellip; Continue reading \"Presse\"","og_url":"https:\/\/cylsee.fr\/en\/presse\/","og_site_name":"Cyls\u00e9e \uaa5c Site officiel","article_publisher":"https:\/\/facebook.com\/cylsee","article_modified_time":"2024-09-11T17:44:51+00:00","og_image":[{"width":1024,"height":614,"url":"https:\/\/cylsee.fr\/wp-content\/uploads\/2024\/07\/cropped-cylsee_guitare_coul_\u00a9_Pascal_Sim_2000px--1024x614.png","type":"image\/png"}],"twitter_card":"summary_large_image","twitter_site":"@cylsee","twitter_misc":{"Estimated reading time":"2 minutes"},"schema":{"@context":"https:\/\/schema.org","@graph":[{"@type":"WebPage","@id":"https:\/\/cylsee.fr\/presse\/","url":"https:\/\/cylsee.fr\/presse\/","name":"Presse - Cyls\u00e9e \uaa5c Site officiel","isPartOf":{"@id":"https:\/\/cylsee.fr\/#website"},"primaryImageOfPage":{"@id":"https:\/\/cylsee.fr\/presse\/#primaryimage"},"image":{"@id":"https:\/\/cylsee.fr\/presse\/#primaryimage"},"thumbnailUrl":"https:\/\/cylsee.fr\/wp-content\/uploads\/2024\/07\/cropped-cylsee_guitare_coul_\u00a9_Pascal_Sim_2000px-.png","datePublished":"2024-01-05T21:51:15+00:00","dateModified":"2024-09-11T17:44:51+00:00","breadcrumb":{"@id":"https:\/\/cylsee.fr\/presse\/#breadcrumb"},"inLanguage":"en-GB","potentialAction":[{"@type":"ReadAction","target":["https:\/\/cylsee.fr\/presse\/"]}]},{"@type":"ImageObject","inLanguage":"en-GB","@id":"https:\/\/cylsee.fr\/presse\/#primaryimage","url":"https:\/\/cylsee.fr\/wp-content\/uploads\/2024\/07\/cropped-cylsee_guitare_coul_\u00a9_Pascal_Sim_2000px-.png","contentUrl":"https:\/\/cylsee.fr\/wp-content\/uploads\/2024\/07\/cropped-cylsee_guitare_coul_\u00a9_Pascal_Sim_2000px-.png","width":2000,"height":1199},{"@type":"BreadcrumbList","@id":"https:\/\/cylsee.fr\/presse\/#breadcrumb","itemListElement":[{"@type":"ListItem","position":1,"name":"Accueil","item":"https:\/\/cylsee.fr\/"},{"@type":"ListItem","position":2,"name":"Presse"}]},{"@type":"WebSite","@id":"https:\/\/cylsee.fr\/#website","url":"https:\/\/cylsee.fr\/","name":"Cyls\u00e9e \uaa5c Site officiel","description":"Cyls\u00e9e is a presence. A voyaging singer-songwriter with an enchanting voice and an original repertoire inspired by Mediterranean oral traditions, including Occitan (South of France), Italian dialects, French and other languages... and two albums today.","publisher":{"@id":"https:\/\/cylsee.fr\/#organization"},"potentialAction":[{"@type":"SearchAction","target":{"@type":"EntryPoint","urlTemplate":"https:\/\/cylsee.fr\/?s={search_term_string}"},"query-input":{"@type":"PropertyValueSpecification","valueRequired":true,"valueName":"search_term_string"}}],"inLanguage":"en-GB"},{"@type":"Organization","@id":"https:\/\/cylsee.fr\/#organization","name":"Cyls\u00e9e","url":"https:\/\/cylsee.fr\/","logo":{"@type":"ImageObject","inLanguage":"en-GB","@id":"https:\/\/cylsee.fr\/#\/schema\/logo\/image\/","url":"https:\/\/cylsee.fr\/wp-content\/uploads\/2024\/08\/cylsee_arbre_main_vert_512px.png","contentUrl":"https:\/\/cylsee.fr\/wp-content\/uploads\/2024\/08\/cylsee_arbre_main_vert_512px.png","width":512,"height":513,"caption":"Cyls\u00e9e"},"image":{"@id":"https:\/\/cylsee.fr\/#\/schema\/logo\/image\/"},"sameAs":["https:\/\/facebook.com\/cylsee","https:\/\/x.com\/cylsee","https:\/\/instagram.com\/cylsee","https:\/\/youtube.com\/@cylsee","https:\/\/soundcloud.com\/cylsee","https:\/\/linktr.ee\/cylsee"]}]}},"_links":{"self":[{"href":"https:\/\/cylsee.fr\/en\/wp-json\/wp\/v2\/pages\/184","targetHints":{"allow":["GET"]}}],"collection":[{"href":"https:\/\/cylsee.fr\/en\/wp-json\/wp\/v2\/pages"}],"about":[{"href":"https:\/\/cylsee.fr\/en\/wp-json\/wp\/v2\/types\/page"}],"author":[{"embeddable":true,"href":"https:\/\/cylsee.fr\/en\/wp-json\/wp\/v2\/users\/1"}],"replies":[{"embeddable":true,"href":"https:\/\/cylsee.fr\/en\/wp-json\/wp\/v2\/comments?post=184"}],"version-history":[{"count":0,"href":"https:\/\/cylsee.fr\/en\/wp-json\/wp\/v2\/pages\/184\/revisions"}],"wp:featuredmedia":[{"embeddable":true,"href":"https:\/\/cylsee.fr\/en\/wp-json\/wp\/v2\/media\/57"}],"wp:attachment":[{"href":"https:\/\/cylsee.fr\/en\/wp-json\/wp\/v2\/media?parent=184"}],"curies":[{"name":"wp","href":"https:\/\/api.w.org\/{rel}","templated":true}]}}