{"id":1017,"date":"2024-07-23T01:28:02","date_gmt":"2024-07-22T23:28:02","guid":{"rendered":"https:\/\/cylsee.fr\/?page_id=1017"},"modified":"2024-09-12T19:21:25","modified_gmt":"2024-09-12T17:21:25","slug":"contact","status":"publish","type":"page","link":"https:\/\/cylsee.fr\/en\/contact\/","title":{"rendered":"Contact"},"content":{"rendered":"<!-- VideographyWP Plugin Message: Automatic video embedding prevented by plugin options. -->\n\n<ul class=\"wp-block-list\">\n<li class=\"li-fa album_cd\"><strong>Physical<\/strong>\u00a0with the booklet and translations (French, English):<br>par correspondance, 15\u20ac ou 17 \u20ac + frais d\u2019envoi.<\/li>\n<\/ul>\n\n\n\n<ul class=\"wp-block-list\">\n<li class=\"li-fa booking\">Concert request<\/li>\n<\/ul>\n\n\n\n<ul class=\"wp-block-list\">\n<li class=\"li-fa micro\">Interview request<\/li>\n<\/ul>\n\n\n\n<ul class=\"wp-block-list\">\n<li class=\"li-fa etc\">etc&#8230;<\/li>\n<\/ul>","protected":false},"excerpt":{"rendered":"","protected":false},"author":1,"featured_media":317,"parent":0,"menu_order":13,"comment_status":"closed","ping_status":"closed","template":"","meta":{"footnotes":""},"class_list":["post-1017","page","type-page","status-publish","has-post-thumbnail","hentry"],"yoast_head":"<!-- This site is optimized with the Yoast SEO plugin v25.5 - https:\/\/yoast.com\/wordpress\/plugins\/seo\/ -->\n<title>Contact - Cyls\u00e9e \uaa5c Site officiel<\/title>\n<meta name=\"robots\" content=\"index, follow, max-snippet:-1, max-image-preview:large, max-video-preview:-1\" \/>\n<link rel=\"canonical\" href=\"https:\/\/cylsee.fr\/en\/contact\/\" \/>\n<meta property=\"og:locale\" content=\"en_GB\" \/>\n<meta property=\"og:type\" content=\"article\" \/>\n<meta property=\"og:title\" content=\"Contact - Cyls\u00e9e \uaa5c Site officiel\" \/>\n<meta property=\"og:url\" content=\"https:\/\/cylsee.fr\/en\/contact\/\" \/>\n<meta property=\"og:site_name\" content=\"Cyls\u00e9e \uaa5c Site officiel\" \/>\n<meta property=\"article:publisher\" content=\"https:\/\/facebook.com\/cylsee\" \/>\n<meta property=\"article:modified_time\" content=\"2024-09-12T17:21:25+00:00\" \/>\n<meta property=\"og:image\" content=\"https:\/\/cylsee.fr\/wp-content\/uploads\/2024\/02\/Association_LEspirala.png\" \/>\n\t<meta property=\"og:image:width\" content=\"140\" \/>\n\t<meta property=\"og:image:height\" content=\"140\" \/>\n\t<meta property=\"og:image:type\" content=\"image\/png\" \/>\n<meta name=\"twitter:card\" content=\"summary_large_image\" \/>\n<meta name=\"twitter:site\" content=\"@cylsee\" \/>\n<meta name=\"twitter:label1\" content=\"Estimated reading time\" \/>\n\t<meta name=\"twitter:data1\" content=\"1 minute\" \/>\n<script type=\"application\/ld+json\" class=\"yoast-schema-graph\">{\"@context\":\"https:\/\/schema.org\",\"@graph\":[{\"@type\":\"WebPage\",\"@id\":\"https:\/\/cylsee.fr\/contact\/\",\"url\":\"https:\/\/cylsee.fr\/contact\/\",\"name\":\"Contact - Cyls\u00e9e \uaa5c Site officiel\",\"isPartOf\":{\"@id\":\"https:\/\/cylsee.fr\/#website\"},\"primaryImageOfPage\":{\"@id\":\"https:\/\/cylsee.fr\/contact\/#primaryimage\"},\"image\":{\"@id\":\"https:\/\/cylsee.fr\/contact\/#primaryimage\"},\"thumbnailUrl\":\"https:\/\/cylsee.fr\/wp-content\/uploads\/2024\/02\/Association_LEspirala.png\",\"datePublished\":\"2024-07-22T23:28:02+00:00\",\"dateModified\":\"2024-09-12T17:21:25+00:00\",\"breadcrumb\":{\"@id\":\"https:\/\/cylsee.fr\/contact\/#breadcrumb\"},\"inLanguage\":\"en-GB\",\"potentialAction\":[{\"@type\":\"ReadAction\",\"target\":[\"https:\/\/cylsee.fr\/contact\/\"]}]},{\"@type\":\"ImageObject\",\"inLanguage\":\"en-GB\",\"@id\":\"https:\/\/cylsee.fr\/contact\/#primaryimage\",\"url\":\"https:\/\/cylsee.fr\/wp-content\/uploads\/2024\/02\/Association_LEspirala.png\",\"contentUrl\":\"https:\/\/cylsee.fr\/wp-content\/uploads\/2024\/02\/Association_LEspirala.png\",\"width\":140,\"height\":140},{\"@type\":\"BreadcrumbList\",\"@id\":\"https:\/\/cylsee.fr\/contact\/#breadcrumb\",\"itemListElement\":[{\"@type\":\"ListItem\",\"position\":1,\"name\":\"Accueil\",\"item\":\"https:\/\/cylsee.fr\/\"},{\"@type\":\"ListItem\",\"position\":2,\"name\":\"Contact\"}]},{\"@type\":\"WebSite\",\"@id\":\"https:\/\/cylsee.fr\/#website\",\"url\":\"https:\/\/cylsee.fr\/\",\"name\":\"Cyls\u00e9e \uaa5c Site officiel\",\"description\":\"Cyls\u00e9e, c\u2019est une pr\u00e9sence, une musicienne compositrice, chanteuse-voyageuse \u00e0 la voix envo\u00fbtante, et un r\u00e9pertoire original inspir\u00e9 des traditions orales m\u00e9diterran\u00e9ennes, entre l\u2019occitan, l\u2019italien, l\u2019espagnol, le fran\u00e7ais et d\u2019autres langues \u2026\",\"publisher\":{\"@id\":\"https:\/\/cylsee.fr\/#organization\"},\"potentialAction\":[{\"@type\":\"SearchAction\",\"target\":{\"@type\":\"EntryPoint\",\"urlTemplate\":\"https:\/\/cylsee.fr\/?s={search_term_string}\"},\"query-input\":{\"@type\":\"PropertyValueSpecification\",\"valueRequired\":true,\"valueName\":\"search_term_string\"}}],\"inLanguage\":\"en-GB\"},{\"@type\":\"Organization\",\"@id\":\"https:\/\/cylsee.fr\/#organization\",\"name\":\"Cyls\u00e9e\",\"url\":\"https:\/\/cylsee.fr\/\",\"logo\":{\"@type\":\"ImageObject\",\"inLanguage\":\"en-GB\",\"@id\":\"https:\/\/cylsee.fr\/#\/schema\/logo\/image\/\",\"url\":\"https:\/\/cylsee.fr\/wp-content\/uploads\/2024\/08\/cylsee_arbre_main_vert_512px.png\",\"contentUrl\":\"https:\/\/cylsee.fr\/wp-content\/uploads\/2024\/08\/cylsee_arbre_main_vert_512px.png\",\"width\":512,\"height\":513,\"caption\":\"Cyls\u00e9e\"},\"image\":{\"@id\":\"https:\/\/cylsee.fr\/#\/schema\/logo\/image\/\"},\"sameAs\":[\"https:\/\/facebook.com\/cylsee\",\"https:\/\/x.com\/cylsee\",\"https:\/\/instagram.com\/cylsee\",\"https:\/\/youtube.com\/@cylsee\",\"https:\/\/soundcloud.com\/cylsee\",\"https:\/\/linktr.ee\/cylsee\"]}]}<\/script>\n<!-- \/ Yoast SEO plugin. -->","yoast_head_json":{"title":"Contact - Cyls\u00e9e \uaa5c Site officiel","robots":{"index":"index","follow":"follow","max-snippet":"max-snippet:-1","max-image-preview":"max-image-preview:large","max-video-preview":"max-video-preview:-1"},"canonical":"https:\/\/cylsee.fr\/en\/contact\/","og_locale":"en_GB","og_type":"article","og_title":"Contact - Cyls\u00e9e \uaa5c Site officiel","og_url":"https:\/\/cylsee.fr\/en\/contact\/","og_site_name":"Cyls\u00e9e \uaa5c Site officiel","article_publisher":"https:\/\/facebook.com\/cylsee","article_modified_time":"2024-09-12T17:21:25+00:00","og_image":[{"width":140,"height":140,"url":"https:\/\/cylsee.fr\/wp-content\/uploads\/2024\/02\/Association_LEspirala.png","type":"image\/png"}],"twitter_card":"summary_large_image","twitter_site":"@cylsee","twitter_misc":{"Estimated reading time":"1 minute"},"schema":{"@context":"https:\/\/schema.org","@graph":[{"@type":"WebPage","@id":"https:\/\/cylsee.fr\/contact\/","url":"https:\/\/cylsee.fr\/contact\/","name":"Contact - Cyls\u00e9e \uaa5c Site officiel","isPartOf":{"@id":"https:\/\/cylsee.fr\/#website"},"primaryImageOfPage":{"@id":"https:\/\/cylsee.fr\/contact\/#primaryimage"},"image":{"@id":"https:\/\/cylsee.fr\/contact\/#primaryimage"},"thumbnailUrl":"https:\/\/cylsee.fr\/wp-content\/uploads\/2024\/02\/Association_LEspirala.png","datePublished":"2024-07-22T23:28:02+00:00","dateModified":"2024-09-12T17:21:25+00:00","breadcrumb":{"@id":"https:\/\/cylsee.fr\/contact\/#breadcrumb"},"inLanguage":"en-GB","potentialAction":[{"@type":"ReadAction","target":["https:\/\/cylsee.fr\/contact\/"]}]},{"@type":"ImageObject","inLanguage":"en-GB","@id":"https:\/\/cylsee.fr\/contact\/#primaryimage","url":"https:\/\/cylsee.fr\/wp-content\/uploads\/2024\/02\/Association_LEspirala.png","contentUrl":"https:\/\/cylsee.fr\/wp-content\/uploads\/2024\/02\/Association_LEspirala.png","width":140,"height":140},{"@type":"BreadcrumbList","@id":"https:\/\/cylsee.fr\/contact\/#breadcrumb","itemListElement":[{"@type":"ListItem","position":1,"name":"Accueil","item":"https:\/\/cylsee.fr\/"},{"@type":"ListItem","position":2,"name":"Contact"}]},{"@type":"WebSite","@id":"https:\/\/cylsee.fr\/#website","url":"https:\/\/cylsee.fr\/","name":"Cyls\u00e9e \uaa5c Site officiel","description":"Cyls\u00e9e is a presence. A voyaging singer-songwriter with an enchanting voice and an original repertoire inspired by Mediterranean oral traditions, including Occitan (South of France), Italian dialects, French and other languages... and two albums today.","publisher":{"@id":"https:\/\/cylsee.fr\/#organization"},"potentialAction":[{"@type":"SearchAction","target":{"@type":"EntryPoint","urlTemplate":"https:\/\/cylsee.fr\/?s={search_term_string}"},"query-input":{"@type":"PropertyValueSpecification","valueRequired":true,"valueName":"search_term_string"}}],"inLanguage":"en-GB"},{"@type":"Organization","@id":"https:\/\/cylsee.fr\/#organization","name":"Cyls\u00e9e","url":"https:\/\/cylsee.fr\/","logo":{"@type":"ImageObject","inLanguage":"en-GB","@id":"https:\/\/cylsee.fr\/#\/schema\/logo\/image\/","url":"https:\/\/cylsee.fr\/wp-content\/uploads\/2024\/08\/cylsee_arbre_main_vert_512px.png","contentUrl":"https:\/\/cylsee.fr\/wp-content\/uploads\/2024\/08\/cylsee_arbre_main_vert_512px.png","width":512,"height":513,"caption":"Cyls\u00e9e"},"image":{"@id":"https:\/\/cylsee.fr\/#\/schema\/logo\/image\/"},"sameAs":["https:\/\/facebook.com\/cylsee","https:\/\/x.com\/cylsee","https:\/\/instagram.com\/cylsee","https:\/\/youtube.com\/@cylsee","https:\/\/soundcloud.com\/cylsee","https:\/\/linktr.ee\/cylsee"]}]}},"_links":{"self":[{"href":"https:\/\/cylsee.fr\/en\/wp-json\/wp\/v2\/pages\/1017","targetHints":{"allow":["GET"]}}],"collection":[{"href":"https:\/\/cylsee.fr\/en\/wp-json\/wp\/v2\/pages"}],"about":[{"href":"https:\/\/cylsee.fr\/en\/wp-json\/wp\/v2\/types\/page"}],"author":[{"embeddable":true,"href":"https:\/\/cylsee.fr\/en\/wp-json\/wp\/v2\/users\/1"}],"replies":[{"embeddable":true,"href":"https:\/\/cylsee.fr\/en\/wp-json\/wp\/v2\/comments?post=1017"}],"version-history":[{"count":0,"href":"https:\/\/cylsee.fr\/en\/wp-json\/wp\/v2\/pages\/1017\/revisions"}],"wp:featuredmedia":[{"embeddable":true,"href":"https:\/\/cylsee.fr\/en\/wp-json\/wp\/v2\/media\/317"}],"wp:attachment":[{"href":"https:\/\/cylsee.fr\/en\/wp-json\/wp\/v2\/media?parent=1017"}],"curies":[{"name":"wp","href":"https:\/\/api.w.org\/{rel}","templated":true}]}}